{"id":1912,"date":"2023-05-05T22:48:36","date_gmt":"2023-05-05T22:48:36","guid":{"rendered":"https:\/\/tplabs.co\/congin\/?page_id=1912"},"modified":"2025-04-09T11:21:50","modified_gmt":"2025-04-09T08:21:50","slug":"kurumsal","status":"publish","type":"page","link":"http:\/\/madtek.com.tr\/en\/kurumsal\/","title":{"rendered":"Institutional"},"content":{"rendered":"<div data-elementor-type=\"wp-page\" data-elementor-id=\"1912\" class=\"elementor elementor-1912\">\n\t\t\t\t\t\t<section class=\"elementor-section elementor-top-section elementor-element elementor-element-a995223 elementor-section-full_width elementor-section-stretched elementor-section-height-default elementor-section-height-default\" data-id=\"a995223\" data-element_type=\"section\" data-settings=\"{&quot;stretch_section&quot;:&quot;section-stretched&quot;}\">\n\t\t\t\t\t\t<div class=\"elementor-container elementor-column-gap-no\">\n\t\t\t\t\t<div class=\"elementor-column elementor-col-100 elementor-top-column elementor-element elementor-element-1b1ea48\" data-id=\"1b1ea48\" data-element_type=\"column\">\n\t\t\t<div class=\"elementor-widget-wrap elementor-element-populated\">\n\t\t\t\t\t\t<div class=\"elementor-element elementor-element-276a8b2 elementor-widget__width-initial elementor-absolute image-width-full elementor-widget elementor-widget-mae-gallery-stack\" data-id=\"276a8b2\" data-element_type=\"widget\" data-settings=\"{&quot;_position&quot;:&quot;absolute&quot;}\" data-widget_type=\"mae-gallery-stack.default\">\n\t\t\t\t<div class=\"elementor-widget-container\">\n\t\t\t\t\t<div class=\"master-gallery-stack\">\n\t\t\t<div class=\"master-fancy-image elementor-repeater-item-79ce365\" data-top=\"0px\" data-calcheight=\"no\">\n\t\t\t\t\t\t\t\t\t\t<div class=\"image-wrap\"><img fetchpriority=\"high\" decoding=\"async\" width=\"842\" height=\"595\" src=\"http:\/\/madtek.com.tr\/wp-content\/uploads\/2023\/05\/gear-canvas.svg\" class=\"attachment-full size-full\" alt=\"\" \/><\/div>\n\t\t\t\t\t\t\t\t\t<\/div>\t\t<\/div>\n\t    \t\t<\/div>\n\t\t\t\t<\/div>\n\t\t\t\t<div class=\"elementor-element elementor-element-86b9177 elementor-widget elementor-widget-spacer\" data-id=\"86b9177\" data-element_type=\"widget\" data-widget_type=\"spacer.default\">\n\t\t\t\t<div class=\"elementor-widget-container\">\n\t\t\t\t\t<div class=\"elementor-spacer\">\n\t\t\t<div class=\"elementor-spacer-inner\"><\/div>\n\t\t<\/div>\n\t\t\t\t<\/div>\n\t\t\t\t<\/div>\n\t\t\t\t<section class=\"elementor-section elementor-inner-section elementor-element elementor-element-452139c elementor-section-boxed elementor-section-height-default elementor-section-height-default\" data-id=\"452139c\" data-element_type=\"section\">\n\t\t\t\t\t\t<div class=\"elementor-container elementor-column-gap-default\">\n\t\t\t\t\t<div class=\"elementor-column elementor-col-50 elementor-inner-column elementor-element elementor-element-1130e3a\" data-id=\"1130e3a\" data-element_type=\"column\">\n\t\t\t<div class=\"elementor-widget-wrap elementor-element-populated\">\n\t\t\t\t\t\t<div class=\"elementor-element elementor-element-9389ed8 heading-default elementor-widget elementor-widget-mae-headings\" data-id=\"9389ed8\" data-element_type=\"widget\" data-widget_type=\"mae-headings.default\">\n\t\t\t\t<div class=\"elementor-widget-container\">\n\t\t\t\t\t<div class=\"master-heading sep-none\">\n\t\t\t\n\t        \t        \t<div class=\"pre-heading\">\n\t\t\t\t\t\n\t\t\t\t<span class=\"line\"><span class=\"inner\"><\/span><\/span><span class=\"accent-color\">\/<\/span> Who We Are<\/div>\n\t        \n\t        \n\t        \t        <h2 class=\"main-heading\">MAD-TEK Machinery Mining Import. Export. Industry and Trade Ltd. Co.<\/h2>\n\t        \n\t        \n\t        \t    <\/div>\n\t    \t\t<\/div>\n\t\t\t\t<\/div>\n\t\t\t\t<div class=\"elementor-element elementor-element-644bf62 elementor-widget elementor-widget-text-editor\" data-id=\"644bf62\" data-element_type=\"widget\" data-widget_type=\"text-editor.default\">\n\t\t\t\t<div class=\"elementor-widget-container\">\n\t\t\t\t\t\t\t<p>With over 10 years of experience, our company has achieved many successes on its way to becoming a pioneer and leader company in its sector and also supports environmentally friendly projects. Our company MAD-TEK MAK\u0130NA MINING, operating in Samsun and in various provinces, has undertaken projects needed by many institutions and organizations in our facility with a closed area of \u200b\u200b2,000 m\u00b2, and has successfully fulfilled all its responsibilities with its talented and professional staff in the field.<\/p><p>Our company was founded on the principles of providing innovative and high-quality services and products to its customers, ensuring superior customer satisfaction during and after sales, and maintaining a strong brand position.<\/p>\t\t\t\t\t\t<\/div>\n\t\t\t\t<\/div>\n\t\t\t\t\t<\/div>\n\t\t<\/div>\n\t\t\t\t<div class=\"elementor-column elementor-col-50 elementor-inner-column elementor-element elementor-element-494e1f1\" data-id=\"494e1f1\" data-element_type=\"column\">\n\t\t\t<div class=\"elementor-widget-wrap elementor-element-populated\">\n\t\t\t\t\t\t<div class=\"elementor-element elementor-element-99ff739 image-width-full elementor-widget elementor-widget-mae-gallery-stack\" data-id=\"99ff739\" data-element_type=\"widget\" data-widget_type=\"mae-gallery-stack.default\">\n\t\t\t\t<div class=\"elementor-widget-container\">\n\t\t\t\t\t<div class=\"master-gallery-stack\">\n\t\t\t<div class=\"master-fancy-image master-animation elementor-repeater-item-766c66e\" data-top=\"0px\" data-animation=\"reveal revealTop2\" data-calcheight=\"no\">\n\t\t\t\t\t\t\t\t\t<div class=\"image-wrap\"><img decoding=\"async\" width=\"490\" height=\"522\" src=\"http:\/\/madtek.com.tr\/wp-content\/uploads\/2024\/09\/celik-elek-kurumsal-1.jpg\" class=\"attachment-full size-full\" alt=\"\" srcset=\"http:\/\/madtek.com.tr\/wp-content\/uploads\/2024\/09\/celik-elek-kurumsal-1.jpg 490w, http:\/\/madtek.com.tr\/wp-content\/uploads\/2024\/09\/celik-elek-kurumsal-1-282x300.jpg 282w\" sizes=\"(max-width: 490px) 100vw, 490px\" \/><\/div>\n\t\t\t\t\t\t\t\t<\/div><div class=\"master-fancy-image master-animation elementor-repeater-item-71bc0c5\" data-top=\"0px\" data-animation=\"reveal revealTop2\" data-calcheight=\"no\">\n\t\t\t\t\t\t\t\t\t<div class=\"image-wrap\"><img decoding=\"async\" width=\"348\" height=\"322\" src=\"http:\/\/madtek.com.tr\/wp-content\/uploads\/2024\/09\/celik-elek-kurumsal-2.jpg\" class=\"attachment-full size-full\" alt=\"\" srcset=\"http:\/\/madtek.com.tr\/wp-content\/uploads\/2024\/09\/celik-elek-kurumsal-2.jpg 348w, http:\/\/madtek.com.tr\/wp-content\/uploads\/2024\/09\/celik-elek-kurumsal-2-300x278.jpg 300w\" sizes=\"(max-width: 348px) 100vw, 348px\" \/><\/div>\n\t\t\t\t\t\t\t\t<\/div><div class=\"master-shape master-animation elementor-repeater-item-477cd97\" data-animation=\"zoomInSmall\" data-calcheight=\"no\"><\/div><div class=\"master-shape master-animation elementor-repeater-item-4e4d2f6\" data-animation=\"zoomInSmall\" data-calcheight=\"no\"><\/div>\t\t<\/div>\n\t    \t\t<\/div>\n\t\t\t\t<\/div>\n\t\t\t\t<div class=\"elementor-element elementor-element-4e5e613 elementor-widget elementor-widget-spacer\" data-id=\"4e5e613\" data-element_type=\"widget\" data-widget_type=\"spacer.default\">\n\t\t\t\t<div class=\"elementor-widget-container\">\n\t\t\t\t\t<div class=\"elementor-spacer\">\n\t\t\t<div class=\"elementor-spacer-inner\"><\/div>\n\t\t<\/div>\n\t\t\t\t<\/div>\n\t\t\t\t<\/div>\n\t\t\t\t\t<\/div>\n\t\t<\/div>\n\t\t\t\t\t<\/div>\n\t\t<\/section>\n\t\t\t\t<div class=\"elementor-element elementor-element-ad268cf elementor-widget elementor-widget-spacer\" data-id=\"ad268cf\" data-element_type=\"widget\" data-widget_type=\"spacer.default\">\n\t\t\t\t<div class=\"elementor-widget-container\">\n\t\t\t\t\t<div class=\"elementor-spacer\">\n\t\t\t<div class=\"elementor-spacer-inner\"><\/div>\n\t\t<\/div>\n\t\t\t\t<\/div>\n\t\t\t\t<\/div>\n\t\t\t\t\t<\/div>\n\t\t<\/div>\n\t\t\t\t\t<\/div>\n\t\t<\/section>\n\t\t\t\t<section class=\"elementor-section elementor-top-section elementor-element elementor-element-261a3d4 elementor-section-stretched elementor-section-full_width elementor-section-height-default elementor-section-height-default\" data-id=\"261a3d4\" data-element_type=\"section\" data-settings=\"{&quot;stretch_section&quot;:&quot;section-stretched&quot;,&quot;background_background&quot;:&quot;classic&quot;}\">\n\t\t\t\t\t\t<div class=\"elementor-container elementor-column-gap-no\">\n\t\t\t\t\t<div class=\"elementor-column elementor-col-100 elementor-top-column elementor-element elementor-element-6f80afd\" data-id=\"6f80afd\" data-element_type=\"column\">\n\t\t\t<div class=\"elementor-widget-wrap elementor-element-populated\">\n\t\t\t\t\t\t<div class=\"elementor-element elementor-element-3d6fa9b align-center heading-default elementor-widget elementor-widget-mae-headings\" data-id=\"3d6fa9b\" data-element_type=\"widget\" data-widget_type=\"mae-headings.default\">\n\t\t\t\t<div class=\"elementor-widget-container\">\n\t\t\t\t\t<div class=\"master-heading sep-top\">\n\t\t\t\n\t        \t        \t<div class=\"pre-heading\">\n\t\t\t\t<div class=\"sep\">\/<\/div>\t\n\t\t\t\t<span class=\"line\"><span class=\"inner\"><\/span><\/span>Services<\/div>\n\t        \n\t        \n\t        \t        <h2 class=\"main-heading\">Fields of Activity<\/h2>\n\t        \n\t        \n\t        \t    <\/div>\n\t    \t\t<\/div>\n\t\t\t\t<\/div>\n\t\t\t\t<section class=\"elementor-section elementor-inner-section elementor-element elementor-element-92ebf54 elementor-section-boxed elementor-section-height-default elementor-section-height-default\" data-id=\"92ebf54\" data-element_type=\"section\">\n\t\t\t\t\t\t<div class=\"elementor-container elementor-column-gap-default\">\n\t\t\t\t\t<div class=\"elementor-column elementor-col-25 elementor-inner-column elementor-element elementor-element-42ef4bd\" data-id=\"42ef4bd\" data-element_type=\"column\">\n\t\t\t<div class=\"elementor-widget-wrap elementor-element-populated\">\n\t\t\t\t\t\t<div class=\"elementor-element elementor-element-00eb15a align-center image-box-style-2 elementor-widget elementor-widget-mae-image-box\" data-id=\"00eb15a\" data-element_type=\"widget\" data-widget_type=\"mae-image-box.default\">\n\t\t\t\t<div class=\"elementor-widget-container\">\n\t\t\t                <div class=\"master-image-box\">\n                         \n                <div class=\"inner\">\n                   \n                    <div class=\"content-wrap\">\n                        <h3 class=\"headline-2\"><a href=\"http:\/\/madtek.com.tr\/en\/urun-gruplari\/celik-maden-elekleri\/\">Steel Mining Sieves<\/a><\/h3><div class=\"desc\"><p>Steel Sieve Systems are produced from high carbon wire and are used in mining, sand, coal, food and other industries with various mesh openings.<\/p><\/div>                    <\/div>\n\n                    <div class=\"thumb\"><img loading=\"lazy\" decoding=\"async\" width=\"720\" height=\"480\" src=\"http:\/\/madtek.com.tr\/wp-content\/uploads\/2024\/09\/celik-elek-sistemleri-kapak.jpg\" class=\"attachment-full size-full\" alt=\"\" srcset=\"http:\/\/madtek.com.tr\/wp-content\/uploads\/2024\/09\/celik-elek-sistemleri-kapak.jpg 720w, http:\/\/madtek.com.tr\/wp-content\/uploads\/2024\/09\/celik-elek-sistemleri-kapak-300x200.jpg 300w\" sizes=\"(max-width: 720px) 100vw, 720px\" \/><div class=\"url-wrap\"><a class=\"arrow\" href=\"http:\/\/madtek.com.tr\/en\/urun-gruplari\/celik-maden-elekleri\/\" aria-label=\"Industrial Work\"><span class=\"inner\"> <span class=\"icon ci-plus\"><\/span><\/span><\/a><\/div><\/div>                <\/div>\n                    <\/div>\n        \t\t<\/div>\n\t\t\t\t<\/div>\n\t\t\t\t\t<\/div>\n\t\t<\/div>\n\t\t\t\t<div class=\"elementor-column elementor-col-25 elementor-inner-column elementor-element elementor-element-7621006\" data-id=\"7621006\" data-element_type=\"column\">\n\t\t\t<div class=\"elementor-widget-wrap elementor-element-populated\">\n\t\t\t\t\t\t<div class=\"elementor-element elementor-element-14295ec align-center image-box-style-2 elementor-widget elementor-widget-mae-image-box\" data-id=\"14295ec\" data-element_type=\"widget\" data-widget_type=\"mae-image-box.default\">\n\t\t\t\t<div class=\"elementor-widget-container\">\n\t\t\t                <div class=\"master-image-box\">\n                         \n                <div class=\"inner\">\n                   \n                    <div class=\"content-wrap\">\n                        <h3 class=\"headline-2\"><a href=\"http:\/\/madtek.com.tr\/en\/urun-gruplari\/konveyor-sistemler\/\">Conveyor Systems<\/a><\/h3><div class=\"desc\"><p>Conveyor systems make it easier to carry loads in factories and facilities. There are chain, roller, belt and telescopic models.<\/p><\/div>                    <\/div>\n\n                    <div class=\"thumb\"><img loading=\"lazy\" decoding=\"async\" width=\"720\" height=\"480\" src=\"http:\/\/madtek.com.tr\/wp-content\/uploads\/2024\/09\/konveyor-sistemler-kapak.jpg\" class=\"attachment-full size-full\" alt=\"\" srcset=\"http:\/\/madtek.com.tr\/wp-content\/uploads\/2024\/09\/konveyor-sistemler-kapak.jpg 720w, http:\/\/madtek.com.tr\/wp-content\/uploads\/2024\/09\/konveyor-sistemler-kapak-300x200.jpg 300w\" sizes=\"(max-width: 720px) 100vw, 720px\" \/><div class=\"url-wrap\"><a class=\"arrow\" href=\"http:\/\/madtek.com.tr\/en\/urun-gruplari\/konveyor-sistemler\/\" aria-label=\"Metal Forming\"><span class=\"inner\"> <span class=\"icon ci-plus\"><\/span><\/span><\/a><\/div><\/div>                <\/div>\n                    <\/div>\n        \t\t<\/div>\n\t\t\t\t<\/div>\n\t\t\t\t\t<\/div>\n\t\t<\/div>\n\t\t\t\t<div class=\"elementor-column elementor-col-25 elementor-inner-column elementor-element elementor-element-7cfa203\" data-id=\"7cfa203\" data-element_type=\"column\">\n\t\t\t<div class=\"elementor-widget-wrap elementor-element-populated\">\n\t\t\t\t\t\t<div class=\"elementor-element elementor-element-09ab12c align-center image-box-style-2 elementor-widget elementor-widget-mae-image-box\" data-id=\"09ab12c\" data-element_type=\"widget\" data-widget_type=\"mae-image-box.default\">\n\t\t\t\t<div class=\"elementor-widget-container\">\n\t\t\t                <div class=\"master-image-box\">\n                         \n                <div class=\"inner\">\n                   \n                    <div class=\"content-wrap\">\n                        <h3 class=\"headline-2\"><a href=\"http:\/\/madtek.com.tr\/en\/urun-gruplari\/konkasor-kirici-makine\/\">Crusher Machine<\/a><\/h3><div class=\"desc\"><p>Crushers break large stones into small pieces, making them suitable for the road and construction sector. It is used in mining, construction and energy projects.<\/p><\/div>                    <\/div>\n\n                    <div class=\"thumb\"><img loading=\"lazy\" decoding=\"async\" width=\"720\" height=\"480\" src=\"http:\/\/madtek.com.tr\/wp-content\/uploads\/2024\/09\/konkasor-kirici-makine-kapak.jpg\" class=\"attachment-full size-full\" alt=\"\" srcset=\"http:\/\/madtek.com.tr\/wp-content\/uploads\/2024\/09\/konkasor-kirici-makine-kapak.jpg 720w, http:\/\/madtek.com.tr\/wp-content\/uploads\/2024\/09\/konkasor-kirici-makine-kapak-300x200.jpg 300w\" sizes=\"(max-width: 720px) 100vw, 720px\" \/><div class=\"url-wrap\"><a class=\"arrow\" href=\"http:\/\/madtek.com.tr\/en\/urun-gruplari\/konkasor-kirici-makine\/\" aria-label=\"Mechanical Work\"><span class=\"inner\"> <span class=\"icon ci-plus\"><\/span><\/span><\/a><\/div><\/div>                <\/div>\n                    <\/div>\n        \t\t<\/div>\n\t\t\t\t<\/div>\n\t\t\t\t\t<\/div>\n\t\t<\/div>\n\t\t\t\t<div class=\"elementor-column elementor-col-25 elementor-inner-column elementor-element elementor-element-17c6a36\" data-id=\"17c6a36\" data-element_type=\"column\">\n\t\t\t<div class=\"elementor-widget-wrap elementor-element-populated\">\n\t\t\t\t\t\t<div class=\"elementor-element elementor-element-0581c70 align-center image-box-style-2 elementor-widget elementor-widget-mae-image-box\" data-id=\"0581c70\" data-element_type=\"widget\" data-widget_type=\"mae-image-box.default\">\n\t\t\t\t<div class=\"elementor-widget-container\">\n\t\t\t                <div class=\"master-image-box\">\n                         \n                <div class=\"inner\">\n                   \n                    <div class=\"content-wrap\">\n                        <h3 class=\"headline-2\"><a href=\"http:\/\/madtek.com.tr\/en\/urunler\/yedek-parca\/\">Spare Parts<\/a><\/h3><div class=\"desc\"><p>We offer high quality spare parts for screen, conveyor and crusher systems. Increase performance with reliable solutions.<\/p><\/div>                    <\/div>\n\n                    <div class=\"thumb\"><img loading=\"lazy\" decoding=\"async\" width=\"720\" height=\"480\" src=\"http:\/\/madtek.com.tr\/wp-content\/uploads\/2024\/09\/yedek-parca-kapak.jpg\" class=\"attachment-full size-full\" alt=\"\" srcset=\"http:\/\/madtek.com.tr\/wp-content\/uploads\/2024\/09\/yedek-parca-kapak.jpg 720w, http:\/\/madtek.com.tr\/wp-content\/uploads\/2024\/09\/yedek-parca-kapak-300x200.jpg 300w\" sizes=\"(max-width: 720px) 100vw, 720px\" \/><div class=\"url-wrap\"><a class=\"arrow\" href=\"http:\/\/madtek.com.tr\/en\/urunler\/yedek-parca\/\" aria-label=\"Mechanical Work\"><span class=\"inner\"> <span class=\"icon ci-plus\"><\/span><\/span><\/a><\/div><\/div>                <\/div>\n                    <\/div>\n        \t\t<\/div>\n\t\t\t\t<\/div>\n\t\t\t\t\t<\/div>\n\t\t<\/div>\n\t\t\t\t\t<\/div>\n\t\t<\/section>\n\t\t\t\t\t<\/div>\n\t\t<\/div>\n\t\t\t\t\t<\/div>\n\t\t<\/section>\n\t\t<div class=\"elementor-element elementor-element-50f57cd e-flex e-con-boxed e-con e-parent\" data-id=\"50f57cd\" data-element_type=\"container\">\n\t\t\t\t\t<div class=\"e-con-inner\">\n\t\t<div class=\"elementor-element elementor-element-66cddcf e-con-full e-flex e-con e-child\" data-id=\"66cddcf\" data-element_type=\"container\">\n\t\t\t\t<div class=\"elementor-element elementor-element-5c3dab3 elementor-widget elementor-widget-text-editor\" data-id=\"5c3dab3\" data-element_type=\"widget\" data-widget_type=\"text-editor.default\">\n\t\t\t\t<div class=\"elementor-widget-container\">\n\t\t\t\t\t\t\t<h3>Our Mission<\/h3><p>To manage the \u201cStrategic portfolio\u201d that has sustainable and competitive growth potential in a way that will add value to its stakeholders. To provide a service approach that respects health, which is one of the most important values \u200b\u200bof humans, contemporary standards, and the values \u200b\u200bof society within a holistic quality approach. To balance the right quality and price ratio and to maximize consumer expectations with a wide product range.<\/p>\t\t\t\t\t\t<\/div>\n\t\t\t\t<\/div>\n\t\t\t\t<\/div>\n\t\t<div class=\"elementor-element elementor-element-d506bdc e-con-full e-flex e-con e-child\" data-id=\"d506bdc\" data-element_type=\"container\">\n\t\t\t\t<div class=\"elementor-element elementor-element-06d0047 elementor-widget elementor-widget-text-editor\" data-id=\"06d0047\" data-element_type=\"widget\" data-widget_type=\"text-editor.default\">\n\t\t\t\t<div class=\"elementor-widget-container\">\n\t\t\t\t\t\t\t<h3>Our Vision<\/h3><p>We passionately believe in the power of ideas to change attitudes, lives and ultimately the world. To be a reliable and respected organization in Turkey that continuously develops its own methods in our field of expertise and leads the sector in order to increase the effectiveness and efficiency of our company in the national \/ international market.<\/p>\t\t\t\t\t\t<\/div>\n\t\t\t\t<\/div>\n\t\t\t\t<\/div>\n\t\t\t\t\t<\/div>\n\t\t\t\t<\/div>\n\t\t\t\t<\/div>","protected":false},"excerpt":{"rendered":"<p>\/ Biz Kimiz MAD-TEK Makina Maden \u0130th. \u0130hr. San. ve Tic. Ltd. \u015eti. 10 y\u0131ll\u0131 a\u015fk\u0131n deneyimi ile kendi sekt\u00f6r\u00fcnde \u00f6nc\u00fc ve lider firmalardan olma yolunda bir\u00e7ok ba\u015far\u0131ya imza atm\u0131\u015f \u00a0\u015eirketimiz ayr\u0131ca \u00e7evre dostu projeleride desteklemektedir. \u00a02,000 m\u00b2 kapal\u0131 alana sahip tesisimizde MAD-TEK MAK\u0130NA MADEN firmam\u0131z; Samsun\u2019da faaliyet g\u00f6steren ve<\/p>","protected":false},"author":1,"featured_media":0,"parent":0,"menu_order":0,"comment_status":"closed","ping_status":"closed","template":"","meta":{"footnotes":""},"class_list":["post-1912","page","type-page","status-publish","hentry"],"aioseo_notices":[],"_links":{"self":[{"href":"http:\/\/madtek.com.tr\/en\/wp-json\/wp\/v2\/pages\/1912","targetHints":{"allow":["GET"]}}],"collection":[{"href":"http:\/\/madtek.com.tr\/en\/wp-json\/wp\/v2\/pages"}],"about":[{"href":"http:\/\/madtek.com.tr\/en\/wp-json\/wp\/v2\/types\/page"}],"author":[{"embeddable":true,"href":"http:\/\/madtek.com.tr\/en\/wp-json\/wp\/v2\/users\/1"}],"replies":[{"embeddable":true,"href":"http:\/\/madtek.com.tr\/en\/wp-json\/wp\/v2\/comments?post=1912"}],"version-history":[{"count":1,"href":"http:\/\/madtek.com.tr\/en\/wp-json\/wp\/v2\/pages\/1912\/revisions"}],"predecessor-version":[{"id":5455,"href":"http:\/\/madtek.com.tr\/en\/wp-json\/wp\/v2\/pages\/1912\/revisions\/5455"}],"wp:attachment":[{"href":"http:\/\/madtek.com.tr\/en\/wp-json\/wp\/v2\/media?parent=1912"}],"curies":[{"name":"wp","href":"https:\/\/api.w.org\/{rel}","templated":true}]}}