{"id":5175,"date":"2024-09-19T16:11:28","date_gmt":"2024-09-19T13:11:28","guid":{"rendered":"http:\/\/madtek.com.tr\/?page_id=5175"},"modified":"2025-04-09T11:24:26","modified_gmt":"2025-04-09T08:24:26","slug":"online-teklif","status":"publish","type":"page","link":"http:\/\/madtek.com.tr\/en\/online-teklif\/","title":{"rendered":"Get Offer"},"content":{"rendered":"<div data-elementor-type=\"wp-page\" data-elementor-id=\"5175\" class=\"elementor elementor-5175\">\n\t\t\t\t<div class=\"elementor-element elementor-element-8df55b8 e-flex e-con-boxed e-con e-parent\" data-id=\"8df55b8\" data-element_type=\"container\">\n\t\t\t\t\t<div class=\"e-con-inner\">\n\t\t\t\t<div class=\"elementor-element elementor-element-8ae8023 elementor-widget elementor-widget-metform\" data-id=\"8ae8023\" data-element_type=\"widget\" data-widget_type=\"metform.default\">\n\t\t\t\t<div class=\"elementor-widget-container\">\n\t\t\t<div id=\"mf-response-props-id-5164\" data-previous-steps-style=\"\" data-editswitchopen=\"\" data-response_type=\"alert\" data-erroricon=\"fas fa-exclamation-triangle\" data-successicon=\"fas fa-check\" data-messageposition=\"top\" class=\"mf-scroll-top-no\">\n\t\t<div class=\"formpicker_warper formpicker_warper_editable\" data-metform-formpicker-key=\"5164\" >\n\t\t\t\t\n\t\t\t<div class=\"elementor-widget-container\">\n\t\t\t\t\r\n\t\t<div\r\n\t\t\tid=\"metform-wrap-8ae8023-5164\"\r\n\t\t\tclass=\"mf-form-wrapper\"\r\n\t\t\tdata-form-id=\"5164\"\r\n\t\t\tdata-action=\"http:\/\/madtek.com.tr\/en\/wp-json\/metform\/v1\/entries\/insert\/5164\"\r\n\t\t\tdata-wp-nonce=\"aee0c8a35a\"\r\n\t\t\tdata-form-nonce=\"6f91a9c151\"\r\n\t\t\tdata-quiz-summery = \"false\"\r\n\t\t\tdata-save-progress = \"false\"\r\n\t\t\tdata-form-type=\"general-form\"\r\n\t\t\tdata-stop-vertical-effect=\"\"\r\n\t\t\t><\/div>\r\n\r\n\r\n\t\t<!----------------------------- \r\n\t\t\t* controls_data : find the the props passed indie of data attribute\r\n\t\t\t* props.SubmitResponseMarkup : contains the markup of error or success message\r\n\t\t\t* https:\/\/developer.mozilla.org\/en-US\/docs\/Web\/JavaScript\/Reference\/Template_literals\r\n\t\t--------------------------- -->\r\n\r\n\t\t\t\t<script type=\"text\/mf\" class=\"mf-template\">\r\n\t\t\tfunction controls_data (value){\r\n\t\t\t\tlet currentWrapper = \"mf-response-props-id-5164\";\r\n\t\t\t\tlet currentEl = document.getElementById(currentWrapper);\r\n\t\t\t\t\r\n\t\t\t\treturn currentEl ? currentEl.dataset[value] : false\r\n\t\t\t}\r\n\r\n\r\n\t\t\tlet is_edit_mode = '' ? true : false;\r\n\t\t\tlet message_position = controls_data('messageposition') || 'top';\r\n\r\n\t\t\t\r\n\t\t\tlet message_successIcon = controls_data('successicon') || '';\r\n\t\t\tlet message_errorIcon = controls_data('erroricon') || '';\r\n\t\t\tlet message_editSwitch = controls_data('editswitchopen') === 'yes' ? true : false;\r\n\t\t\tlet message_proClass = controls_data('editswitchopen') === 'yes' ? 'mf_pro_activated' : '';\r\n\t\t\t\r\n\t\t\tlet is_dummy_markup = is_edit_mode && message_editSwitch ? true : false;\r\n\r\n\t\t\t\r\n\t\t\treturn html`\r\n\t\t\t\t<form\r\n\t\t\t\t\tclassName=\"metform-form-content\"\r\n\t\t\t\t\tref=${parent.formContainerRef}\r\n\t\t\t\t\tonSubmit=${ validation.handleSubmit( parent.handleFormSubmit ) }\r\n\t\t\t\t\r\n\t\t\t\t\t>\r\n\t\t\t\r\n\t\t\t\r\n\t\t\t\t\t${is_dummy_markup ? message_position === 'top' ?  props.ResponseDummyMarkup(message_successIcon, message_proClass) : '' : ''}\r\n\t\t\t\t\t${is_dummy_markup ? ' ' :  message_position === 'top' ? props.SubmitResponseMarkup`${parent}${state}${message_successIcon}${message_errorIcon}${message_proClass}` : ''}\r\n\r\n\t\t\t\t\t<!--------------------------------------------------------\r\n\t\t\t\t\t*** IMPORTANT \/ DANGEROUS ***\r\n\t\t\t\t\t${html``} must be used as in immediate child of \"metform-form-main-wrapper\"\r\n\t\t\t\t\tclass otherwise multistep form will not run at all\r\n\t\t\t\t\t---------------------------------------------------------->\r\n\r\n\t\t\t\t\t<div className=\"metform-form-main-wrapper\" key=${'hide-form-after-submit'} ref=${parent.formRef}>\r\n\t\t\t\t\t${html`\r\n\t\t\t\t\t\t\t\t<div data-elementor-type=\"wp-post\" key=\"2\" data-elementor-id=\"5164\" className=\"elementor elementor-5164\">\n\t\t\t\t\t\t<section className=\"elementor-section elementor-top-section elementor-element elementor-element-bd840b0 elementor-section-boxed elementor-section-height-default elementor-section-height-default\" data-id=\"bd840b0\" data-element_type=\"section\">\n\t\t\t\t\t\t<div className=\"elementor-container elementor-column-gap-no\">\n\t\t\t\t\t<div className=\"elementor-column elementor-col-100 elementor-top-column elementor-element elementor-element-94c8b0a\" data-id=\"94c8b0a\" data-element_type=\"column\">\n\t\t\t<div className=\"elementor-widget-wrap elementor-element-populated\">\n\t\t\t\t\t\t<div className=\"elementor-element elementor-element-29a2ea0 align-center heading-default elementor-widget elementor-widget-mae-headings\" data-id=\"29a2ea0\" data-element_type=\"widget\" data-widget_type=\"mae-headings.default\">\n\t\t\t\t<div className=\"elementor-widget-container\">\n\t\t\t\t\t<div className=\"master-heading sep-none\">\n\t\t\t\n\t        \n\t        \n\t        \t        <h2 className=\"main-heading\">Online Teklif Al<\/h2>\n\t        \n\t        \n\t        \t    <\/div>\n\t    \t\t<\/div>\n\t\t\t\t<\/div>\n\t\t\t\t<div className=\"elementor-element elementor-element-87e45fe elementor-widget elementor-widget-mf-select\" data-id=\"87e45fe\" data-element_type=\"widget\" data-settings=\"{&quot;mf_input_name&quot;:&quot;mf-select&quot;,&quot;mf_input_list&quot;:[{&quot;mf_input_option_text&quot;:&quot;\\u00c7elik Elek Sistemleri&quot;,&quot;mf_input_option_value&quot;:&quot;\\u00c7elik Elek Sistemleri&quot;,&quot;_id&quot;:&quot;d0341f6&quot;,&quot;mf_input_option_status&quot;:&quot;&quot;,&quot;mf_input_option_selected&quot;:&quot;&quot;},{&quot;mf_input_option_text&quot;:&quot;Konvey\\u00f6r Sistemler&quot;,&quot;mf_input_option_value&quot;:&quot;Konvey\\u00f6r Sistemler&quot;,&quot;_id&quot;:&quot;40eabc2&quot;,&quot;mf_input_option_status&quot;:&quot;&quot;,&quot;mf_input_option_selected&quot;:&quot;&quot;},{&quot;mf_input_option_text&quot;:&quot;Konkas\\u00f6r K\\u0131r\\u0131c\\u0131 Makine&quot;,&quot;mf_input_option_value&quot;:&quot;Konkas\\u00f6r K\\u0131r\\u0131c\\u0131 Makine&quot;,&quot;_id&quot;:&quot;275ecd6&quot;,&quot;mf_input_option_status&quot;:&quot;&quot;,&quot;mf_input_option_selected&quot;:&quot;&quot;},{&quot;_id&quot;:&quot;d41b9e5&quot;,&quot;mf_input_option_text&quot;:&quot;Yedek Par\\u00e7a&quot;,&quot;mf_input_option_value&quot;:&quot;Yedek Par\\u00e7a&quot;,&quot;mf_input_option_status&quot;:&quot;&quot;,&quot;mf_input_option_selected&quot;:&quot;&quot;}]}\" data-widget_type=\"mf-select.default\">\n\t\t\t\t<div className=\"elementor-widget-container\">\n\t\t\t\n\t\t\n\t\t<div className=\"mf-input-wrapper\">\n\t\t\t\n            <${props.Select}\n                className=${\"mf-input mf-input-select  \" + ( validation.errors['mf-select'] ? 'mf-invalid' : '' )}\n                classNamePrefix=\"mf_select\"\n                name=\"mf-select\"\n                placeholder=\"${ parent.decodeEntities(`Teklif Almak \u0130stedi\u011finiz \u00dcr\u00fcn\u00fc Se\u00e7iniz.`) } \"\n                isSearchable=${false}\n                options=${[{\"label\":\"\\u00c7elik Elek Sistemleri\",\"value\":\"\\u00c7elik Elek Sistemleri\",\"isDisabled\":false},{\"label\":\"Konvey\\u00f6r Sistemler\",\"value\":\"Konvey\\u00f6r Sistemler\",\"isDisabled\":false},{\"label\":\"Konkas\\u00f6r K\\u0131r\\u0131c\\u0131 Makine\",\"value\":\"Konkas\\u00f6r K\\u0131r\\u0131c\\u0131 Makine\",\"isDisabled\":false},{\"label\":\"Yedek Par\\u00e7a\",\"value\":\"Yedek Par\\u00e7a\",\"isDisabled\":false}]}\n                value=${parent.getValue(\"mf-select\") ? [{\"label\":\"\\u00c7elik Elek Sistemleri\",\"value\":\"\\u00c7elik Elek Sistemleri\",\"isDisabled\":false},{\"label\":\"Konvey\\u00f6r Sistemler\",\"value\":\"Konvey\\u00f6r Sistemler\",\"isDisabled\":false},{\"label\":\"Konkas\\u00f6r K\\u0131r\\u0131c\\u0131 Makine\",\"value\":\"Konkas\\u00f6r K\\u0131r\\u0131c\\u0131 Makine\",\"isDisabled\":false},{\"label\":\"Yedek Par\\u00e7a\",\"value\":\"Yedek Par\\u00e7a\",\"isDisabled\":false}].filter(item => item.value === parent.getValue(\"mf-select\"))[0] : []}\n                onChange=${(e)=> parent.handleSelect(e, \"mf-select\")}\n                ref=${() => {\n\t\t\t\t                    register({ name: \"mf-select\" }, parent.activateValidation({\"message\":\"This field is required.\",\"minLength\":1,\"maxLength\":\"\",\"type\":\"none\",\"required\":false}));\n                    if ( parent.getValue(\"mf-select\") === '' && false ) {\n\t\t\t\t    parent.setValue( 'mf-select', '', true );\n                        parent.handleChange({\n                            target: {\n                                name: 'mf-select',\n                                value: ''\n                            }\n                        });\n                    }\n                }}\n                \/>\n\n            \t\t\t\t<${validation.ErrorMessage}\n\t\t\t\t\terrors=${validation.errors}\n\t\t\t\t\tname=\"mf-select\"\n\t\t\t\t\tas=${html`<span className=\"mf-error-message\"><\/span>`}\n\t\t\t\t\t\/>\n\t\t\t\t\t\t\t\t<\/div>\n\n\t\t\n\t\t\t\t<\/div>\n\t\t\t\t<\/div>\n\t\t\t\t<div className=\"elementor-element elementor-element-5ce83e7 elementor-widget__width-initial elementor-widget elementor-widget-mf-text\" data-id=\"5ce83e7\" data-element_type=\"widget\" data-settings=\"{&quot;mf_input_name&quot;:&quot;mf-text&quot;}\" data-widget_type=\"mf-text.default\">\n\t\t\t\t<div className=\"elementor-widget-container\">\n\t\t\t\r\n\t\t<div className=\"mf-input-wrapper\">\r\n\t\t\t\r\n\t\t\t<input\r\n\t\t\t\ttype=\"text\"\r\n\t\t\t\tclassName=\"mf-input \"\r\n\t\t\t\tid=\"mf-input-text-5ce83e7\"\r\n\t\t\t\tname=\"mf-text\"\r\n\t\t\t\tplaceholder=\"${ parent.decodeEntities(`Firma Ad\u0131`) } \"\r\n\t\t\t\t\t\t\t\t\tonInput=${parent.handleChange}\r\n\t\t\t\t\tonBlur=${parent.handleChange}\r\n\t\t\t\t\taria-invalid=${validation.errors['mf-text'] ? 'true' : 'false'}\r\n\t\t\t\t\tref=${el =>{\r\n\t\t\t\t\t\t\t\t\t\t\t\tparent.activateValidation({\"message\":\"This field is required.\",\"minLength\":1,\"maxLength\":\"\",\"type\":\"none\",\"required\":false,\"expression\":\"null\"}, el)\r\n\t\t\t\t\t}}\r\n\t\t\t\t\t\t\t\t\/>\r\n\r\n\t\t\t\t\t\t\t<${validation.ErrorMessage}\r\n\t\t\t\t\terrors=${validation.errors}\r\n\t\t\t\t\tname=\"mf-text\"\r\n\t\t\t\t\tas=${html`<span className=\"mf-error-message\"><\/span>`}\r\n\t\t\t\t\t\/>\r\n\t\t\t\r\n\t\t\t\t\t<\/div>\r\n\r\n\t\t\t\t<\/div>\n\t\t\t\t<\/div>\n\t\t\t\t<div className=\"elementor-element elementor-element-589ed1c elementor-widget__width-initial elementor-widget elementor-widget-mf-listing-fname\" data-id=\"589ed1c\" data-element_type=\"widget\" data-settings=\"{&quot;mf_input_name&quot;:&quot;mf-listing-fname&quot;}\" data-widget_type=\"mf-listing-fname.default\">\n\t\t\t\t<div className=\"elementor-widget-container\">\n\t\t\t\n\t\t<div className=\"mf-input-wrapper\">\n\t\t\t\n\t\t\t<input type=\"text\" className=\"mf-input \" id=\"mf-input-text-589ed1c\" \n\t\t\t\tname=\"mf-listing-fname\" \n\t\t\t\tplaceholder=\"${ parent.decodeEntities(`Yetkili Ad\u0131 Soyad\u0131 *`) } \"\n\t\t\t\tonInput=${ parent.handleChange }\n\n\t\t\t\t\t\t\t\t\taria-invalid=${validation.errors['mf-listing-fname'] ? 'true' : 'false'}\n\t\t\t\t\tref=${ el => parent.activateValidation({\"message\":\"Zorunlu alan\",\"minLength\":1,\"maxLength\":\"\",\"type\":\"none\",\"required\":true,\"expression\":\"null\"}, el) }\n\t\t\t\t\t\t\t\/>\n\n\t\t\t\t\t\t\t<${validation.ErrorMessage}\n\t\t\t\t\terrors=${validation.errors}\n\t\t\t\t\tname=\"mf-listing-fname\"\n\t\t\t\t\tas=${html`<span className=\"mf-error-message\"><\/span>`}\n\t\t\t\t\t\/>\n\t\t\t\t\t\t\t\t<\/div>\n\n\t\t\t\t<\/div>\n\t\t\t\t<\/div>\n\t\t\t\t<div className=\"elementor-element elementor-element-f454190 elementor-widget__width-initial elementor-widget elementor-widget-mf-email\" data-id=\"f454190\" data-element_type=\"widget\" data-settings=\"{&quot;mf_input_name&quot;:&quot;mf-email&quot;}\" data-widget_type=\"mf-email.default\">\n\t\t\t\t<div className=\"elementor-widget-container\">\n\t\t\t\r\n\t\t<div className=\"mf-input-wrapper\">\r\n\t\t\t\r\n\t\t\t<input \r\n\t\t\t\ttype=\"email\" \r\n\t\t\t\t \r\n\t\t\t\tdefaultValue=\"\" \r\n\t\t\t\tclassName=\"mf-input \" \r\n\t\t\t\tid=\"mf-input-email-f454190\" \r\n\t\t\t\tname=\"mf-email\" \r\n\t\t\t\tplaceholder=\"${ parent.decodeEntities(`E-Posta Adresiniz *`) } \" \r\n\t\t\t\t \r\n\t\t\t\tonBlur=${parent.handleChange} onFocus=${parent.handleChange} aria-invalid=${validation.errors['mf-email'] ? 'true' : 'false' } \r\n\t\t\t\tref=${el=> parent.activateValidation({\"message\":\"Zorunlu alan\",\"emailMessage\":\"Please enter a valid Email address\",\"minLength\":1,\"maxLength\":\"\",\"type\":\"none\",\"required\":true,\"expression\":\"null\"}, el)}\r\n\t\t\t\t\t\t\t\/>\r\n\r\n\t\t\t\t\t\t<${validation.ErrorMessage} \r\n\t\t\t\terrors=${validation.errors} \r\n\t\t\t\tname=\"mf-email\" \r\n\t\t\t\tas=${html`<span className=\"mf-error-message\"><\/span>`}\r\n\t\t\t\/>\r\n\t\t\t\r\n\t\t\t\t\t<\/div>\r\n\r\n\t\t<\/div>\n\t\t\t\t<\/div>\n\t\t\t\t<div className=\"elementor-element elementor-element-92c2b47 elementor-widget__width-initial elementor-widget elementor-widget-mf-telephone\" data-id=\"92c2b47\" data-element_type=\"widget\" data-settings=\"{&quot;mf_input_name&quot;:&quot;mf-telephone&quot;}\" data-widget_type=\"mf-telephone.default\">\n\t\t\t\t<div className=\"elementor-widget-container\">\n\t\t\t\n\t\t<div className=\"mf-input-wrapper\">\n\t\t\t\n\t\t\t<input\n\t\t\t\ttype=\"tel\"\n\t\t\t\tclassName=\"mf-input \"\n\t\t\t\tid=\"mf-input-telephone-92c2b47\" \n\t\t\t\tname=\"mf-telephone\"\n\t\t\t\tplaceholder=\"${ parent.decodeEntities(`Telefon Numaran\u0131z *`) } \"\n\t\t\t\t\t\t\t\t\tonInput=${parent.handleChange}\n\t\t\t\t\taria-invalid=${validation.errors['mf-telephone'] ? 'true' : 'false'}\n\t\t\t\t\tref=${el => parent.activateValidation({\"message\":\"Zorunlu alan\",\"minLength\":1,\"maxLength\":\"\",\"type\":\"none\",\"required\":true,\"expression\":\"null\"}, el)}\n\t\t\t\t\t\t\t\t\/>\n\t\t\t\n\t\t\t\t\t\t\t<${validation.ErrorMessage}\n\t\t\t\t\terrors=${validation.errors}\n\t\t\t\t\tname=\"mf-telephone\"\n\t\t\t\t\tas=${html`<span className=\"mf-error-message\"><\/span>`}\n\t\t\t\t\t\/>\n\t\t\t\n\t\t\t\n\t\t<\/div>\n\n\t\t\t\t<\/div>\n\t\t\t\t<\/div>\n\t\t\t\t<div className=\"elementor-element elementor-element-bc5ea2e elementor-widget elementor-widget-mf-textarea\" data-id=\"bc5ea2e\" data-element_type=\"widget\" data-settings=\"{&quot;mf_input_name&quot;:&quot;mf-textarea&quot;}\" data-widget_type=\"mf-textarea.default\">\n\t\t\t\t<div className=\"elementor-widget-container\">\n\t\t\t\r\n\t\t<div className=\"mf-input-wrapper\">\r\n\t\t\t\r\n\t\t\t<textarea className=\"mf-input mf-textarea \" id=\"mf-input-text-area-bc5ea2e\"\r\n\t\t\t\tname=\"mf-textarea\" \r\n\t\t\t\tplaceholder=\"${ parent.decodeEntities(`Proje detay\u0131 ve talep edilen \u00fcr\u00fcn hakk\u0131nda bilgi`) } \"\r\n\t\t\t\tcols=\"30\" rows=\"10\"\r\n\t\t\t\t\t\t\t\t\tonInput=${ parent.handleChange }\r\n\t\t\t\t\taria-invalid=${validation.errors['mf-textarea'] ? 'true' : 'false'}\r\n\t\t\t\t\tref=${ el => parent.activateValidation({\"message\":\"This field is required.\",\"minLength\":1,\"maxLength\":\"\",\"type\":\"none\",\"required\":false,\"expression\":\"null\"}, el)}\r\n\t\t\t\t\t\t\t\t><\/textarea>\r\n\r\n\t\t\t\t\t\t\t<${validation.ErrorMessage}\r\n\t\t\t\t\terrors=${validation.errors}\r\n\t\t\t\t\tname=\"mf-textarea\"\r\n\t\t\t\t\tas=${html`<span className=\"mf-error-message\"><\/span>`}\r\n\t\t\t\t\t\/>\r\n\t\t\t\t\t\t\t\t<\/div>\r\n\r\n\t\t\t\t<\/div>\n\t\t\t\t<\/div>\n\t\t\t\t<div className=\"elementor-element elementor-element-f3872e2 mf-btn--center elementor-widget elementor-widget-mf-button\" data-id=\"f3872e2\" data-element_type=\"widget\" data-widget_type=\"mf-button.default\">\n\t\t\t\t<div className=\"elementor-widget-container\">\n\t\t\t\t\t<div className=\"mf-btn-wraper \" data-mf-form-conditional-logic-requirement=\"\">\r\n\t\t\t\t\t\t\t<button type=\"submit\" className=\"metform-btn metform-submit-btn \" id=\"\">\r\n\t\t\t\t\t<span>${ parent.decodeEntities(`Formu G\u00f6nder`) } <\/span>\r\n\t\t\t\t<\/button>\r\n\t\t\t        <\/div>\r\n        \t\t<\/div>\n\t\t\t\t<\/div>\n\t\t\t\t\t<\/div>\n\t\t<\/div>\n\t\t\t\t\t<\/div>\n\t\t<\/section>\n\t\t\t\t<\/div>\n\t\t\t\t\t\t\t`}\r\n\t\t\t\t\t<\/div>\r\n\r\n\t\t\t\t\t${is_dummy_markup ? message_position === 'bottom' ? props.ResponseDummyMarkup(message_successIcon, message_proClass) : '' : ''}\r\n\t\t\t\t\t${is_dummy_markup ? ' ' : message_position === 'bottom' ? props.SubmitResponseMarkup`${parent}${state}${message_successIcon}${message_errorIcon}${message_proClass}` : ''}\r\n\t\t\t\t\r\n\t\t\t\t<\/form>\r\n\t\t\t`\r\n\t\t<\/script>\r\n\r\n\t\t\t\t\t<\/div>\n\t\t<\/div>\n\t\t<\/div>\t\t<\/div>\n\t\t\t\t<\/div>\n\t\t\t\t\t<\/div>\n\t\t\t\t<\/div>\n\t\t\t\t<\/div>","protected":false},"excerpt":{"rendered":"","protected":false},"author":1,"featured_media":0,"parent":0,"menu_order":0,"comment_status":"closed","ping_status":"closed","template":"","meta":{"footnotes":""},"class_list":["post-5175","page","type-page","status-publish","hentry"],"aioseo_notices":[],"_links":{"self":[{"href":"http:\/\/madtek.com.tr\/en\/wp-json\/wp\/v2\/pages\/5175","targetHints":{"allow":["GET"]}}],"collection":[{"href":"http:\/\/madtek.com.tr\/en\/wp-json\/wp\/v2\/pages"}],"about":[{"href":"http:\/\/madtek.com.tr\/en\/wp-json\/wp\/v2\/types\/page"}],"author":[{"embeddable":true,"href":"http:\/\/madtek.com.tr\/en\/wp-json\/wp\/v2\/users\/1"}],"replies":[{"embeddable":true,"href":"http:\/\/madtek.com.tr\/en\/wp-json\/wp\/v2\/comments?post=5175"}],"version-history":[{"count":2,"href":"http:\/\/madtek.com.tr\/en\/wp-json\/wp\/v2\/pages\/5175\/revisions"}],"predecessor-version":[{"id":5457,"href":"http:\/\/madtek.com.tr\/en\/wp-json\/wp\/v2\/pages\/5175\/revisions\/5457"}],"wp:attachment":[{"href":"http:\/\/madtek.com.tr\/en\/wp-json\/wp\/v2\/media?parent=5175"}],"curies":[{"name":"wp","href":"https:\/\/api.w.org\/{rel}","templated":true}]}}